{"id":16,"date":"2017-12-26T20:29:57","date_gmt":"2017-12-26T19:29:57","guid":{"rendered":"http:\/\/www.jmr.pila.pl\/?page_id=16"},"modified":"2018-07-04T18:45:46","modified_gmt":"2018-07-04T16:45:46","slug":"strona-glowna","status":"publish","type":"page","link":"https:\/\/www.jmr.pila.pl\/","title":{"rendered":"Strona G\u0142\u00f3wna"},"content":{"rendered":"<hr \/>\n<p style=\"text-align: center;\">Witamy na stronie biura rachunkowego JMR Joanna Mirek &#8211;\u00a0Zdaj si\u0119 na nasze wieloletnie do\u015bwiadczenie, stawiamy na rzetelno\u015b\u0107 i dok\u0142adno\u015b\u0107 \u2013 mo\u017cesz by\u0107 pewny, \u017ce zadbamy o Twoje sprawy jak o swoje w\u0142asne.<\/p>\n<hr \/>\n<p style=\"text-align: center;\">\n","protected":false},"excerpt":{"rendered":"<p>Witamy na stronie biura rachunkowego JMR Joanna Mirek &#8211;\u00a0Zdaj si\u0119 na nasze wieloletnie do\u015bwiadczenie, stawiamy na rzetelno\u015b\u0107 i dok\u0142adno\u015b\u0107 \u2013 mo\u017cesz by\u0107 pewny, \u017ce zadbamy o Twoje sprawy jak o swoje w\u0142asne.<\/p>\n","protected":false},"author":1,"featured_media":0,"parent":0,"menu_order":0,"comment_status":"closed","ping_status":"closed","template":"","meta":{"footnotes":""},"class_list":["post-16","page","type-page","status-publish","hentry"],"_links":{"self":[{"href":"https:\/\/www.jmr.pila.pl\/index.php\/wp-json\/wp\/v2\/pages\/16","targetHints":{"allow":["GET"]}}],"collection":[{"href":"https:\/\/www.jmr.pila.pl\/index.php\/wp-json\/wp\/v2\/pages"}],"about":[{"href":"https:\/\/www.jmr.pila.pl\/index.php\/wp-json\/wp\/v2\/types\/page"}],"author":[{"embeddable":true,"href":"https:\/\/www.jmr.pila.pl\/index.php\/wp-json\/wp\/v2\/users\/1"}],"replies":[{"embeddable":true,"href":"https:\/\/www.jmr.pila.pl\/index.php\/wp-json\/wp\/v2\/comments?post=16"}],"version-history":[{"count":12,"href":"https:\/\/www.jmr.pila.pl\/index.php\/wp-json\/wp\/v2\/pages\/16\/revisions"}],"predecessor-version":[{"id":101,"href":"https:\/\/www.jmr.pila.pl\/index.php\/wp-json\/wp\/v2\/pages\/16\/revisions\/101"}],"wp:attachment":[{"href":"https:\/\/www.jmr.pila.pl\/index.php\/wp-json\/wp\/v2\/media?parent=16"}],"curies":[{"name":"wp","href":"https:\/\/api.w.org\/{rel}","templated":true}]}}